{"id":10243,"date":"2024-11-03T10:10:31","date_gmt":"2024-11-03T13:10:31","guid":{"rendered":"https:\/\/www.sefaz.ba.gov.br\/ppp\/?page_id=10243"},"modified":"2024-11-08T13:10:03","modified_gmt":"2024-11-08T16:10:03","slug":"politica-de-privacidade","status":"publish","type":"page","link":"https:\/\/www.sefaz.ba.gov.br\/ppp\/lgpd\/politica-de-privacidade\/","title":{"rendered":"Pol\u00edtica de Privacidade"},"content":{"rendered":"\t\t<div data-elementor-type=\"wp-page\" data-elementor-id=\"10243\" class=\"elementor elementor-10243\" data-elementor-post-type=\"page\">\n\t\t\t\t\t\t<section data-particle_enable=\"false\" data-particle-mobile-disabled=\"false\" class=\"elementor-section elementor-top-section elementor-element elementor-element-38ddea8 elementor-section-height-min-height elementor-section-boxed elementor-section-height-default elementor-section-items-middle\" data-id=\"38ddea8\" data-element_type=\"section\" data-e-type=\"section\" data-settings=\"{&quot;background_background&quot;:&quot;classic&quot;}\">\n\t\t\t\t\t\t<div class=\"elementor-container elementor-column-gap-default\">\n\t\t\t\t\t<div class=\"elementor-column elementor-col-100 elementor-top-column elementor-element elementor-element-2ef7f4d\" data-id=\"2ef7f4d\" data-element_type=\"column\" data-e-type=\"column\">\n\t\t\t<div class=\"elementor-widget-wrap elementor-element-populated\">\n\t\t\t\t\t\t<section data-particle_enable=\"false\" data-particle-mobile-disabled=\"false\" class=\"elementor-section elementor-inner-section elementor-element elementor-element-3674abf elementor-section-boxed elementor-section-height-default elementor-section-height-default\" data-id=\"3674abf\" data-element_type=\"section\" data-e-type=\"section\">\n\t\t\t\t\t\t\t<div class=\"elementor-background-overlay\"><\/div>\n\t\t\t\t\t\t\t<div class=\"elementor-container elementor-column-gap-default\">\n\t\t\t\t\t<div class=\"elementor-column elementor-col-100 elementor-inner-column elementor-element elementor-element-6df5ef2\" data-id=\"6df5ef2\" data-element_type=\"column\" data-e-type=\"column\">\n\t\t\t<div class=\"elementor-widget-wrap elementor-element-populated\">\n\t\t\t\t\t\t<div class=\"elementor-element elementor-element-4073dfa elementor-widget elementor-widget-eael-divider\" data-id=\"4073dfa\" data-element_type=\"widget\" data-e-type=\"widget\" data-widget_type=\"eael-divider.default\">\n\t\t\t\t<div class=\"elementor-widget-container\">\n\t\t\t\t\t\t\t<div class=\"eael-divider-wrap divider-direction-horizontal\">\n\t\t\t\t\t\t\t<div class=\"eael-divider horizontal solid\"><\/div>\n\t\t\t\t\t<\/div>\n\t\t\t\t<\/div>\n\t\t\t\t<\/div>\n\t\t\t\t\t<\/div>\n\t\t<\/div>\n\t\t\t\t\t<\/div>\n\t\t<\/section>\n\t\t\t\t\t<\/div>\n\t\t<\/div>\n\t\t\t\t\t<\/div>\n\t\t<\/section>\n\t\t\t\t<section data-particle_enable=\"false\" data-particle-mobile-disabled=\"false\" class=\"elementor-section elementor-top-section elementor-element elementor-element-8365f9c elementor-section-boxed elementor-section-height-default elementor-section-height-default\" data-id=\"8365f9c\" data-element_type=\"section\" data-e-type=\"section\">\n\t\t\t\t\t\t<div class=\"elementor-container elementor-column-gap-default\">\n\t\t\t\t\t<div class=\"elementor-column elementor-col-100 elementor-top-column elementor-element elementor-element-865992b\" data-id=\"865992b\" data-element_type=\"column\" data-e-type=\"column\">\n\t\t\t<div class=\"elementor-widget-wrap elementor-element-populated\">\n\t\t\t\t\t\t<section data-particle_enable=\"false\" data-particle-mobile-disabled=\"false\" class=\"elementor-section elementor-inner-section elementor-element elementor-element-24ac119 elementor-section-boxed elementor-section-height-default elementor-section-height-default\" data-id=\"24ac119\" data-element_type=\"section\" data-e-type=\"section\">\n\t\t\t\t\t\t<div class=\"elementor-container elementor-column-gap-default\">\n\t\t\t\t\t<div class=\"elementor-column elementor-col-100 elementor-inner-column elementor-element elementor-element-fb6f9e5\" data-id=\"fb6f9e5\" data-element_type=\"column\" data-e-type=\"column\">\n\t\t\t<div class=\"elementor-widget-wrap elementor-element-populated\">\n\t\t\t\t\t\t<div class=\"elementor-element elementor-element-67a1a6d4 elementor-widget elementor-widget-text-editor\" data-id=\"67a1a6d4\" data-element_type=\"widget\" data-e-type=\"widget\" data-widget_type=\"text-editor.default\">\n\t\t\t\t<div class=\"elementor-widget-container\">\n\t\t\t\t\t\t\t\t\t<h3>1. Informa\u00e7\u00f5es gerais<\/h3><p>A Secretaria da Fazenda do Estado da Bahia \u2013 SEFAZ tem como miss\u00e3o prover e administrar os recursos financeiros para viabilizar as pol\u00edticas p\u00fablicas do Estado e orientar o cidad\u00e3o quanto \u00e0 import\u00e2ncia do pagamento dos tributos e do controle da aplica\u00e7\u00e3o dos recursos p\u00fablicos.<\/p><p>Preservar a privacidade e proteger os dados de cada cidad\u00e3o \u00e9 uma responsabilidade permanente dessa Secretaria.<\/p><p>Este Aviso de Privacidade cont\u00e9m informa\u00e7\u00f5es sobre coleta, uso, armazenamento, processamento e prote\u00e7\u00e3o dos dados pessoais dos usu\u00e1rios do Website da SEFAZ-BA, com rela\u00e7\u00e3o a cookies &#8211; arquivos de texto enviados pela plataforma ao computador do usu\u00e1rio com informa\u00e7\u00f5es relacionadas \u00e0 navega\u00e7\u00e3o no site.<\/p><p>A finalidade deste Aviso \u00e9 dar transpar\u00eancia ao usu\u00e1rio quanto aos dados pessoais coletados, forma como o tratamento \u00e9 realizado, motivos dessa coleta e hip\u00f3tese legal que autoriza o seu tratamento, al\u00e9m de orientar quanto a remo\u00e7\u00e3o e n\u00e3o aceita\u00e7\u00e3o dos cookies.<\/p><p>Este documento foi elaborado em conformidade com a Lei Geral de Prote\u00e7\u00e3o de Dados Pessoais \u2013 LGPD (Lei Federal 13.709\/18) e o Marco Civil da Internet (Lei 12.965\/14) e poder\u00e1 ser atualizado em decorr\u00eancia de eventual altera\u00e7\u00e3o legal e normativa, raz\u00e3o pela qual recomenda-se ao usu\u00e1rio a consulta peri\u00f3dica desta se\u00e7\u00e3o.<\/p><h3>2. Como recolhemos os dados pessoais do usu\u00e1rio<\/h3><p>Quando um usu\u00e1rio acessa o Website da SEFAZ as informa\u00e7\u00f5es sobre intera\u00e7\u00e3o e acesso s\u00e3o coletadas para garantir uma adequada presta\u00e7\u00e3o do servi\u00e7o p\u00fablico.<\/p><h3>3. Quais dados pessoais recolhemos sobre o usu\u00e1rio<\/h3><p>S\u00e3o coletados os seguintes dados pessoais do usu\u00e1rio:<\/p><p>Dados para otimiza\u00e7\u00e3o da navega\u00e7\u00e3o:<\/p><p>CPF<br \/>CNPJ<br \/>Tipo de navegador<br \/>Acesso a p\u00e1ginas<br \/>Data e hora da visita<br \/>Tempo gasto na p\u00e1gina<br \/>Endere\u00e7o de IP do computador<br \/>Login do usu\u00e1rio<\/p><p>4. Para que finalidades utilizamos os dados pessoais do usu\u00e1rio<\/p><p>Os dados pessoais do usu\u00e1rio que ser\u00e3o tratados pelo Website da SEFAZ-BA s\u00e3o os estritamente necess\u00e1rios para a presta\u00e7\u00e3o de servi\u00e7o p\u00fablico pela Secretaria da Fazenda do Estado da Bahia, conforme Regimento estabelecido pelo Decreto n\u00ba 18.874 de 28 de janeiro de 2019, hip\u00f3tese legal que autoriza o tratamento.<\/p><p>Com base no Art. 23 da LGPD, o tratamento de dados ter\u00e1 por finalidade o atendimento de finalidade p\u00fablica, na persecu\u00e7\u00e3o do interesse p\u00fablico, com o objetivo de executar as compet\u00eancias legais ou cumprir as atribui\u00e7\u00f5es legais do servi\u00e7o p\u00fablico.<\/p><p>Especificamente, esses dados s\u00e3o tratados para presta\u00e7\u00e3o de servi\u00e7os p\u00fablicos, melhoria e aprimoramento dos produtos ou servi\u00e7os ofertados, bem como facilitar, agilizar e divulgar informa\u00e7\u00f5es de interesse p\u00fablico, ampliar ou alterar funcionalidades do suporte tecnol\u00f3gico, al\u00e9m de atender \u00e0s necessidades dos usu\u00e1rios.<\/p><h3>5. Por quanto tempo os dados pessoais ficam armazenados<\/h3><p>Os dados ser\u00e3o mantidos pelo tempo necess\u00e1rio para cumprir os objetivos para os quais foram coletados.<\/p><p>O Website da SEFAZ-BA utiliza cookies persistentes e tempor\u00e1rios.<\/p><p>O cookie persistente permanece no disco r\u00edgido do usu\u00e1rio depois que o navegador \u00e9 fechado e ser\u00e1 usado pelo navegador em visitas subsequentes ao site. Este tipo de cookie pode ser removido, seguindo as instru\u00e7\u00f5es do seu navegador.<\/p><p>J\u00e1 o cookie tempor\u00e1rio s\u00f3 \u00e9 mantido durante a sess\u00e3o e desaparece depois que o navegador \u00e9 fechado.<\/p><p>\u00c9 poss\u00edvel redefinir seu navegador da web para recusar todos os cookies, por\u00e9m alguns recursos do Website da SEFAZ-BA podem n\u00e3o funcionar corretamente se a capacidade de aceitar cookies estiver desabilitada.<\/p><h3>6. Seguran\u00e7a dos dados pessoais armazenados<\/h3><p>A SEFAZ-BA aplica as medidas t\u00e9cnicas e administrativas aptas a proteger os dados pessoais coletados de acessos n\u00e3o autorizados e de situa\u00e7\u00f5es de destrui\u00e7\u00e3o, perda, altera\u00e7\u00e3o, comunica\u00e7\u00e3o ou difus\u00e3o.<\/p><p>Os dados pessoais armazenados s\u00e3o tratados com confidencialidade, dentro dos limites legais. No entanto, poder\u00e3o ser divulgados nas hip\u00f3teses previstas em Lei.<\/p><h3>7. Compartilhamento dos dados<\/h3><p>A SEFAZ-BA n\u00e3o disponibiliza dados pessoais coletados em seu Website sem o expresso consentimento do titular, salvo nas hip\u00f3teses previstas em lei.<\/p><p>A SEFAZ-BA utiliza servi\u00e7os do Google Analytics e Google ReCaptha , conforme pol\u00edtica da Google dispon\u00edveis nos endere\u00e7os a seguir indicados, com as quais o usu\u00e1rio plenamente concorda ao aceitar o presente Aviso de Privacidade:<\/p><p>https:\/\/www.google.com\/intl\/pt-BR\/policies\/privacy\/partners\/<br \/>https:\/\/policies.google.com\/privacy<br \/>https:\/\/policies.google.com\/terms<br \/>https:\/\/www.redditinc.com\/pt-br\/policies\/privacy-policy<br \/>https:\/\/www.facebook.com\/policies\/cookies<br \/>https:\/\/www.youtube.com\/intl\/ALL_br\/howyoutubeworks\/user-settings\/privacy\/<br \/>http:\/\/www.doubleclick.com\/privacy\/<\/p><h3>8. Altera\u00e7\u00f5es para este aviso de privacidade<\/h3><p>A qualquer tempo as informa\u00e7\u00f5es contidas neste Aviso podem ser atualizadas para melhor adequa\u00e7\u00e3o \u00e0 legisla\u00e7\u00e3o vigente, processos de trabalho e solu\u00e7\u00f5es de tecnologia da informa\u00e7\u00e3o.<\/p><p>As informa\u00e7\u00f5es contidas nesta p\u00e1gina foram atualizadas pela \u00faltima vez em 22.01.2022.<\/p>\t\t\t\t\t\t\t\t<\/div>\n\t\t\t\t<\/div>\n\t\t\t\t\t<\/div>\n\t\t<\/div>\n\t\t\t\t\t<\/div>\n\t\t<\/section>\n\t\t\t\t\t<\/div>\n\t\t<\/div>\n\t\t\t\t\t<\/div>\n\t\t<\/section>\n\t\t\t\t<\/div>\n\t\t","protected":false},"excerpt":{"rendered":"<p>1. Informa\u00e7\u00f5es gerais A Secretaria da Fazenda do Estado da Bahia \u2013 SEFAZ tem como miss\u00e3o prover e administrar os [&hellip;]<\/p>\n","protected":false},"author":5,"featured_media":0,"parent":10273,"menu_order":0,"comment_status":"closed","ping_status":"closed","template":"","meta":{"site-sidebar-layout":"no-sidebar","site-content-layout":null,"ast-site-content-layout":"full-width-container","site-content-style":"default","site-sidebar-style":"default","ast-global-header-display":"","ast-banner-title-visibility":"","ast-main-header-display":"","ast-hfb-above-header-display":null,"ast-hfb-below-header-display":"","ast-hfb-mobile-header-display":"","site-post-title":"disabled","ast-breadcrumbs-content":null,"ast-featured-img":"disabled","footer-sml-layout":"","ast-disable-related-posts":"","theme-transparent-header-meta":"","adv-header-id-meta":"","stick-header-meta":"","header-above-stick-meta":null,"header-main-stick-meta":"","header-below-stick-meta":"","astra-migrate-meta-layouts":"default","ast-page-background-enabled":"default","ast-page-background-meta":{"desktop":{"background-color":"var(--ast-global-color-4)","background-image":"","background-repeat":"repeat","background-position":"center center","background-size":"auto","background-attachment":"scroll","background-type":"","background-media":"","overlay-type":"","overlay-color":"","overlay-opacity":"","overlay-gradient":""},"tablet":{"background-color":"","background-image":"","background-repeat":"repeat","background-position":"center center","background-size":"auto","background-attachment":"scroll","background-type":"","background-media":"","overlay-type":"","overlay-color":"","overlay-opacity":"","overlay-gradient":""},"mobile":{"background-color":"","background-image":"","background-repeat":"repeat","background-position":"center center","background-size":"auto","background-attachment":"scroll","background-type":"","background-media":"","overlay-type":"","overlay-color":"","overlay-opacity":"","overlay-gradient":""}},"ast-content-background-meta":{"desktop":{"background-color":"var(--ast-global-color-5)","background-image":"","background-repeat":"repeat","background-position":"center center","background-size":"auto","background-attachment":"scroll","background-type":"","background-media":"","overlay-type":"","overlay-color":"","overlay-opacity":"","overlay-gradient":""},"tablet":{"background-color":"var(--ast-global-color-5)","background-image":"","background-repeat":"repeat","background-position":"center center","background-size":"auto","background-attachment":"scroll","background-type":"","background-media":"","overlay-type":"","overlay-color":"","overlay-opacity":"","overlay-gradient":""},"mobile":{"background-color":"var(--ast-global-color-5)","background-image":"","background-repeat":"repeat","background-position":"center center","background-size":"auto","background-attachment":"scroll","background-type":"","background-media":"","overlay-type":"","overlay-color":"","overlay-opacity":"","overlay-gradient":""}},"footnotes":"","_links_to":"","_links_to_target":""},"class_list":["post-10243","page","type-page","status-publish","hentry"],"aioseo_notices":[],"_links":{"self":[{"href":"https:\/\/www.sefaz.ba.gov.br\/ppp\/wp-json\/wp\/v2\/pages\/10243","targetHints":{"allow":["GET"]}}],"collection":[{"href":"https:\/\/www.sefaz.ba.gov.br\/ppp\/wp-json\/wp\/v2\/pages"}],"about":[{"href":"https:\/\/www.sefaz.ba.gov.br\/ppp\/wp-json\/wp\/v2\/types\/page"}],"author":[{"embeddable":true,"href":"https:\/\/www.sefaz.ba.gov.br\/ppp\/wp-json\/wp\/v2\/users\/5"}],"replies":[{"embeddable":true,"href":"https:\/\/www.sefaz.ba.gov.br\/ppp\/wp-json\/wp\/v2\/comments?post=10243"}],"version-history":[{"count":0,"href":"https:\/\/www.sefaz.ba.gov.br\/ppp\/wp-json\/wp\/v2\/pages\/10243\/revisions"}],"up":[{"embeddable":true,"href":"https:\/\/www.sefaz.ba.gov.br\/ppp\/wp-json\/wp\/v2\/pages\/10273"}],"wp:attachment":[{"href":"https:\/\/www.sefaz.ba.gov.br\/ppp\/wp-json\/wp\/v2\/media?parent=10243"}],"curies":[{"name":"wp","href":"https:\/\/api.w.org\/{rel}","templated":true}]}}