{"id":6773,"date":"2024-07-23T17:21:02","date_gmt":"2024-07-23T20:21:02","guid":{"rendered":"https:\/\/www.sefaz.ba.gov.br\/ppp\/?page_id=6773"},"modified":"2025-10-13T16:55:43","modified_gmt":"2025-10-13T19:55:43","slug":"legislacao","status":"publish","type":"page","link":"https:\/\/www.sefaz.ba.gov.br\/ppp\/legislacao\/","title":{"rendered":"Legisla\u00e7\u00e3o"},"content":{"rendered":"\t\t<div data-elementor-type=\"wp-page\" data-elementor-id=\"6773\" class=\"elementor elementor-6773\" data-elementor-post-type=\"page\">\n\t\t\t\t\t\t<section data-particle_enable=\"false\" data-particle-mobile-disabled=\"false\" class=\"elementor-section elementor-top-section elementor-element elementor-element-94022f8 elementor-section-height-min-height elementor-section-boxed elementor-section-height-default elementor-section-items-middle\" data-id=\"94022f8\" data-element_type=\"section\" data-e-type=\"section\" data-settings=\"{&quot;background_background&quot;:&quot;classic&quot;}\">\n\t\t\t\t\t\t<div class=\"elementor-container elementor-column-gap-default\">\n\t\t\t\t\t<div class=\"elementor-column elementor-col-100 elementor-top-column elementor-element elementor-element-4266b84\" data-id=\"4266b84\" data-element_type=\"column\" data-e-type=\"column\">\n\t\t\t<div class=\"elementor-widget-wrap elementor-element-populated\">\n\t\t\t\t\t\t<section data-particle_enable=\"false\" data-particle-mobile-disabled=\"false\" class=\"elementor-section elementor-inner-section elementor-element elementor-element-7594b0e elementor-section-boxed elementor-section-height-default elementor-section-height-default\" data-id=\"7594b0e\" data-element_type=\"section\" data-e-type=\"section\">\n\t\t\t\t\t\t\t<div class=\"elementor-background-overlay\"><\/div>\n\t\t\t\t\t\t\t<div class=\"elementor-container elementor-column-gap-default\">\n\t\t\t\t\t<div class=\"elementor-column elementor-col-100 elementor-inner-column elementor-element elementor-element-6a6e107\" data-id=\"6a6e107\" data-element_type=\"column\" data-e-type=\"column\">\n\t\t\t<div class=\"elementor-widget-wrap elementor-element-populated\">\n\t\t\t\t\t\t<div class=\"elementor-element elementor-element-7114995 elementor-widget elementor-widget-eael-divider\" data-id=\"7114995\" data-element_type=\"widget\" data-e-type=\"widget\" data-widget_type=\"eael-divider.default\">\n\t\t\t\t<div class=\"elementor-widget-container\">\n\t\t\t\t\t\t\t<div class=\"eael-divider-wrap divider-direction-horizontal\">\n\t\t\t\t\t\t\t<div class=\"eael-divider horizontal solid\"><\/div>\n\t\t\t\t\t<\/div>\n\t\t\t\t<\/div>\n\t\t\t\t<\/div>\n\t\t\t\t\t<\/div>\n\t\t<\/div>\n\t\t\t\t\t<\/div>\n\t\t<\/section>\n\t\t\t\t\t<\/div>\n\t\t<\/div>\n\t\t\t\t\t<\/div>\n\t\t<\/section>\n\t\t\t\t<section data-particle_enable=\"false\" data-particle-mobile-disabled=\"false\" class=\"elementor-section elementor-top-section elementor-element elementor-element-6f83b37c elementor-section-boxed elementor-section-height-default elementor-section-height-default\" data-id=\"6f83b37c\" data-element_type=\"section\" data-e-type=\"section\">\n\t\t\t\t\t\t<div class=\"elementor-container elementor-column-gap-default\">\n\t\t\t\t\t<div class=\"elementor-column elementor-col-100 elementor-top-column elementor-element elementor-element-e507301\" data-id=\"e507301\" data-element_type=\"column\" data-e-type=\"column\">\n\t\t\t<div class=\"elementor-widget-wrap elementor-element-populated\">\n\t\t\t\t\t\t<section data-particle_enable=\"false\" data-particle-mobile-disabled=\"false\" class=\"elementor-section elementor-inner-section elementor-element elementor-element-346289c elementor-section-boxed elementor-section-height-default elementor-section-height-default\" data-id=\"346289c\" data-element_type=\"section\" data-e-type=\"section\">\n\t\t\t\t\t\t<div class=\"elementor-container elementor-column-gap-default\">\n\t\t\t\t\t<div class=\"elementor-column elementor-col-100 elementor-inner-column elementor-element elementor-element-67169f6\" data-id=\"67169f6\" data-element_type=\"column\" data-e-type=\"column\">\n\t\t\t<div class=\"elementor-widget-wrap elementor-element-populated\">\n\t\t\t\t\t\t<div class=\"elementor-element elementor-element-cf6acf3 elementor-widget elementor-widget-heading\" data-id=\"cf6acf3\" data-element_type=\"widget\" data-e-type=\"widget\" data-widget_type=\"heading.default\">\n\t\t\t\t<div class=\"elementor-widget-container\">\n\t\t\t\t\t<h2 class=\"elementor-heading-title elementor-size-default\">Informa\u00e7\u00f5es GeraIs<\/h2>\t\t\t\t<\/div>\n\t\t\t\t<\/div>\n\t\t\t\t<div class=\"elementor-element elementor-element-4abe35c elementor-widget elementor-widget-text-editor\" data-id=\"4abe35c\" data-element_type=\"widget\" data-e-type=\"widget\" data-widget_type=\"text-editor.default\">\n\t\t\t\t<div class=\"elementor-widget-container\">\n\t\t\t\t\t\t\t\t\t<p>O Programa de PPP da Bahia est\u00e1 pautado no arcabou\u00e7o jur\u00eddico formado por leis, decretos e portarias que orientam a estrutura\u00e7\u00e3o e execu\u00e7\u00e3o dos projetos de PPP, bem como conferem a seguran\u00e7a jur\u00eddica e financeira necess\u00e1ria para o funcionamento do respectivo Programa de PPP.<\/p>\t\t\t\t\t\t\t\t<\/div>\n\t\t\t\t<\/div>\n\t\t\t\t\t<\/div>\n\t\t<\/div>\n\t\t\t\t\t<\/div>\n\t\t<\/section>\n\t\t\t\t<section data-particle_enable=\"false\" data-particle-mobile-disabled=\"false\" class=\"elementor-section elementor-inner-section elementor-element elementor-element-33315f3 elementor-section-boxed elementor-section-height-default elementor-section-height-default\" data-id=\"33315f3\" data-element_type=\"section\" data-e-type=\"section\">\n\t\t\t\t\t\t<div class=\"elementor-container elementor-column-gap-default\">\n\t\t\t\t\t<div class=\"elementor-column elementor-col-100 elementor-inner-column elementor-element elementor-element-e6f1800\" data-id=\"e6f1800\" data-element_type=\"column\" data-e-type=\"column\">\n\t\t\t<div class=\"elementor-widget-wrap elementor-element-populated\">\n\t\t\t\t\t\t<div class=\"elementor-element elementor-element-46a4e3b elementor-widget elementor-widget-heading\" data-id=\"46a4e3b\" data-element_type=\"widget\" data-e-type=\"widget\" data-widget_type=\"heading.default\">\n\t\t\t\t<div class=\"elementor-widget-container\">\n\t\t\t\t\t<h2 class=\"elementor-heading-title elementor-size-default\">Documentos<\/h2>\t\t\t\t<\/div>\n\t\t\t\t<\/div>\n\t\t\t\t\t<\/div>\n\t\t<\/div>\n\t\t\t\t\t<\/div>\n\t\t<\/section>\n\t\t\t\t<section data-particle_enable=\"false\" data-particle-mobile-disabled=\"false\" class=\"elementor-section elementor-inner-section elementor-element elementor-element-7ae7d70 elementor-section-boxed elementor-section-height-default elementor-section-height-default\" data-id=\"7ae7d70\" data-element_type=\"section\" data-e-type=\"section\">\n\t\t\t\t\t\t<div class=\"elementor-container elementor-column-gap-default\">\n\t\t\t\t\t<div class=\"elementor-column elementor-col-50 elementor-inner-column elementor-element elementor-element-0defab0\" data-id=\"0defab0\" data-element_type=\"column\" data-e-type=\"column\">\n\t\t\t<div class=\"elementor-widget-wrap elementor-element-populated\">\n\t\t\t\t\t\t<div class=\"elementor-element elementor-element-b1349c5 elementor-widget elementor-widget-eael-adv-accordion\" data-id=\"b1349c5\" data-element_type=\"widget\" data-e-type=\"widget\" data-widget_type=\"eael-adv-accordion.default\">\n\t\t\t\t<div class=\"elementor-widget-container\">\n\t\t\t\t\t            <div class=\"eael-adv-accordion\" id=\"eael-adv-accordion-b1349c5\" data-scroll-on-click=\"\" data-scroll-speed=\"300\" data-accordion-id=\"b1349c5\" data-accordion-type=\"toggle\" data-toogle-speed=\"300\">\n            <div class=\"eael-accordion-list\">\n\t\t\t\t\t<div id=\"legislao-estadual\" class=\"elementor-tab-title eael-accordion-header\" tabindex=\"0\" data-tab=\"1\" aria-controls=\"elementor-tab-content-1851\"><span class=\"eael-advanced-accordion-icon-closed\"><svg aria-hidden=\"true\" class=\"fa-accordion-icon e-font-icon-svg e-fas-plus\" viewBox=\"0 0 448 512\" xmlns=\"http:\/\/www.w3.org\/2000\/svg\"><path d=\"M416 208H272V64c0-17.67-14.33-32-32-32h-32c-17.67 0-32 14.33-32 32v144H32c-17.67 0-32 14.33-32 32v32c0 17.67 14.33 32 32 32h144v144c0 17.67 14.33 32 32 32h32c17.67 0 32-14.33 32-32V304h144c17.67 0 32-14.33 32-32v-32c0-17.67-14.33-32-32-32z\"><\/path><\/svg><\/span><span class=\"eael-advanced-accordion-icon-opened\"><svg aria-hidden=\"true\" class=\"fa-accordion-icon e-font-icon-svg e-fas-minus\" viewBox=\"0 0 448 512\" xmlns=\"http:\/\/www.w3.org\/2000\/svg\"><path d=\"M416 208H32c-17.67 0-32 14.33-32 32v32c0 17.67 14.33 32 32 32h384c17.67 0 32-14.33 32-32v-32c0-17.67-14.33-32-32-32z\"><\/path><\/svg><\/span><span class=\"eael-accordion-tab-title\">Legisla\u00e7\u00e3o Estadual<\/span><svg aria-hidden=\"true\" class=\"fa-toggle e-font-icon-svg e-fas-angle-right\" viewBox=\"0 0 256 512\" xmlns=\"http:\/\/www.w3.org\/2000\/svg\"><path d=\"M224.3 273l-136 136c-9.4 9.4-24.6 9.4-33.9 0l-22.6-22.6c-9.4-9.4-9.4-24.6 0-33.9l96.4-96.4-96.4-96.4c-9.4-9.4-9.4-24.6 0-33.9L54.3 103c9.4-9.4 24.6-9.4 33.9 0l136 136c9.5 9.4 9.5 24.6.1 34z\"><\/path><\/svg><\/div><div id=\"elementor-tab-content-1851\" class=\"eael-accordion-content clearfix\" data-tab=\"1\" aria-labelledby=\"legislao-estadual\"><p><a href=\"\/docs\/ppp\/legislacao\/decreto_24039_2025.pdf\" target=\"_blank\" rel=\"noopener\">\u203a Decreto n\u00ba 24.039 de 08 de Outubro de 2025<\/a><br \/><a href=\"\/docs\/ppp\/legislacao\/lei_14812_2024.pdf\" target=\"_blank\" rel=\"noopener\">\u203a Lei n\u00ba 14.812, de 26 de dezembro de 2024<\/a><br \/><a href=\"\/docs\/ppp\/legislacao\/decreto_23191_2024.pdf\" target=\"_blank\" rel=\"noopener\">\u203a Decreto n\u00ba 23.191, de 31 de outubro de 2024<\/a><br \/><a href=\"\/docs\/ppp\/legislacao\/decreto_19240_2019.pdf\" target=\"_blank\" rel=\"noopener\">\u203a Decreto n\u00ba 19.240, de 16 de setembro de 2019<\/a><br \/><a href=\"\/docs\/ppp\/legislacao\/decreto_20109-20.pdf\" target=\"_blank\" rel=\"noopener\">\u203a Decreto n\u00ba 20.109, de 23 de novembro de 2020<\/a><br \/><a href=\"\/docs\/ppp\/legislacao\/lei_14634_2023.pdf\" target=\"_blank\" rel=\"noopener\">\u203a Lei n\u00b0 14.634, de 28 de novembro de 2023 (Lei Estadual de Licita\u00e7\u00e3o)<\/a><br \/><a href=\"\/docs\/ppp\/legislacao\/lei_14290_2021.pdf\" target=\"_blank\" rel=\"noopener\">\u203a Lei n.\u00ba 14.290, de 21 de janeiro de 2021 &#8211; ( FGAP)<\/a><br \/><a href=\"\/docs\/ppp\/legislacao\/lei_12912_2013.pdf\" target=\"_blank\" rel=\"noopener\">\u203a Lei n\u00b0 12.912, de 11 de outubro de 2013<\/a><br \/><a href=\"\/docs\/ppp\/legislacao\/lei_12610_2012.pdf\" target=\"_blank\" rel=\"noopener\">\u203a Lei n\u00ba 12.610, de 27 de dezembro de 2012 \u2013 (FGBP)<\/a><br \/><a href=\"\/docs\/ppp\/legislacao\/LEI_N_11.620_DE_14_DE_DEZEMBRO_DE_2009.pdf\" target=\"_blank\" rel=\"noopener\">\u203a Lei n\u00b0 11.620 de 14 de dezembro de 2009 (Altera dispositivo da Lei n\u00ba 9.290, de 27 de dezembro de 2004.)<\/a><br \/><a href=\"\/docs\/ppp\/legislacao\/lei_11477_2009.pdf\" target=\"_blank\" rel=\"noopener\">\u203a Lei n\u00ba 11.477, de 01 de julho de 2009 &#8211; (Fluxo de Pagamento pelo FPE)<\/a><br \/><a href=\"\/docs\/ppp\/legislacao\/lei_9290.pdf\" target=\"_blank\" rel=\"noopener\">\u203a Lei n\u00ba 9.290, de 27 de Dezembro de 2004<\/a><br \/><a href=\"\/docs\/ppp\/legislacao\/Decreto_Estadual_16_522_2015_alterado.pdf\" target=\"_blank\" rel=\"noopener\">\u203a Decreto n\u00b016.522, de 30 de dezembro de 2015, (Disp\u00f5e sobre a estrutura\u00e7\u00e3o de projetos no \u00e2mbito da Administra\u00e7\u00e3o P\u00fablica)<\/a><br \/><a href=\"\/docs\/ppp\/legislacao\/Portaria_Sefaz_n_22.538_de_09.11.2018.pdf\" target=\"_blank\" rel=\"noopener\">\u203a Portaria SEFAZ n\u00ba 225 de 08 de novembro de 2018 (Complementa regras para o pagamento de PPP)<\/a><br \/><a href=\"\/docs\/ppp\/legislacao\/PORTARIA_N_139_DE_26_DE_MAIO_DE_2010.pdf\" target=\"_blank\" rel=\"noopener\">\u203a Portaria SEFAZ n\u00ba 139 de 26 de maio de 2010 (Define regras para o pagamento de PPP)<\/a><\/p><h5>\u00a0<\/h5><\/div>\n\t\t\t\t\t<\/div><\/div>\t\t\t\t<\/div>\n\t\t\t\t<\/div>\n\t\t\t\t\t<\/div>\n\t\t<\/div>\n\t\t\t\t<div class=\"elementor-column elementor-col-50 elementor-inner-column elementor-element elementor-element-7b79ed4\" data-id=\"7b79ed4\" data-element_type=\"column\" data-e-type=\"column\">\n\t\t\t<div class=\"elementor-widget-wrap elementor-element-populated\">\n\t\t\t\t\t\t<div class=\"elementor-element elementor-element-70522f0 elementor-widget elementor-widget-eael-adv-accordion\" data-id=\"70522f0\" data-element_type=\"widget\" data-e-type=\"widget\" data-widget_type=\"eael-adv-accordion.default\">\n\t\t\t\t<div class=\"elementor-widget-container\">\n\t\t\t\t\t            <div class=\"eael-adv-accordion\" id=\"eael-adv-accordion-70522f0\" data-scroll-on-click=\"\" data-scroll-speed=\"300\" data-accordion-id=\"70522f0\" data-accordion-type=\"toggle\" data-toogle-speed=\"300\">\n            <div class=\"eael-accordion-list\">\n\t\t\t\t\t<div id=\"legislao-federal\" class=\"elementor-tab-title eael-accordion-header\" tabindex=\"0\" data-tab=\"1\" aria-controls=\"elementor-tab-content-1171\"><span class=\"eael-advanced-accordion-icon-closed\"><svg aria-hidden=\"true\" class=\"fa-accordion-icon e-font-icon-svg e-fas-plus\" viewBox=\"0 0 448 512\" xmlns=\"http:\/\/www.w3.org\/2000\/svg\"><path d=\"M416 208H272V64c0-17.67-14.33-32-32-32h-32c-17.67 0-32 14.33-32 32v144H32c-17.67 0-32 14.33-32 32v32c0 17.67 14.33 32 32 32h144v144c0 17.67 14.33 32 32 32h32c17.67 0 32-14.33 32-32V304h144c17.67 0 32-14.33 32-32v-32c0-17.67-14.33-32-32-32z\"><\/path><\/svg><\/span><span class=\"eael-advanced-accordion-icon-opened\"><svg aria-hidden=\"true\" class=\"fa-accordion-icon e-font-icon-svg e-fas-minus\" viewBox=\"0 0 448 512\" xmlns=\"http:\/\/www.w3.org\/2000\/svg\"><path d=\"M416 208H32c-17.67 0-32 14.33-32 32v32c0 17.67 14.33 32 32 32h384c17.67 0 32-14.33 32-32v-32c0-17.67-14.33-32-32-32z\"><\/path><\/svg><\/span><span class=\"eael-accordion-tab-title\">Legisla\u00e7\u00e3o Federal<\/span><svg aria-hidden=\"true\" class=\"fa-toggle e-font-icon-svg e-fas-angle-right\" viewBox=\"0 0 256 512\" xmlns=\"http:\/\/www.w3.org\/2000\/svg\"><path d=\"M224.3 273l-136 136c-9.4 9.4-24.6 9.4-33.9 0l-22.6-22.6c-9.4-9.4-9.4-24.6 0-33.9l96.4-96.4-96.4-96.4c-9.4-9.4-9.4-24.6 0-33.9L54.3 103c9.4-9.4 24.6-9.4 33.9 0l136 136c9.5 9.4 9.5 24.6.1 34z\"><\/path><\/svg><\/div><div id=\"elementor-tab-content-1171\" class=\"eael-accordion-content clearfix\" data-tab=\"1\" aria-labelledby=\"legislao-federal\"><p><a href=\"\/docs\/ppp\/legislacao\/lei_12527_2011.pdf\" target=\"_blank\" rel=\"noopener\">\u203a Lei n \u00ba 12.527, de 18 de novembro de 2011<\/a><br \/><a href=\"\/docs\/ppp\/legislacao\/lei_12587_2012.pdf\" target=\"_blank\" rel=\"noopener\">\u203a Lei n \u00ba 12.587, de 03 de janeiro de 2012<\/a><br \/><a href=\"\/docs\/ppp\/legislacao\/lei_8080_1990.pdf\" target=\"_blank\" rel=\"noopener\">\u203a Lei n \u00ba 8.080, de 19 de setembro de 1990<\/a><br \/><a href=\"\/docs\/ppp\/legislacao\/portaria_STN_MF_138_2023.pdf\" target=\"_blank\" rel=\"noopener\">\u203a Portaria STN\/MF n\u00ba 138, de 06 de abril de 2023<\/a><br \/><a href=\"\/docs\/ppp\/legislacao\/LEI_11.079_30_DEZEMBRO_2004.pdf\" target=\"_blank\" rel=\"noopener\">\u203a Lei n\u00ba 11.079, de 30 de dezembro de 2004 (Lei Federal de Licita\u00e7\u00e3o)<\/a><br \/><a href=\"\/docs\/ppp\/legislacao\/lei_14133_2021.pdf\" target=\"_blank\" rel=\"noopener\">\u203a Lei n \u00ba 14.133, de 01 de abril de 2021 &#8211; (Lei Federal de Licita\u00e7\u00e3o)<\/a><br \/><a href=\"\/docs\/ppp\/legislacao\/lei_8987_1995.pdf\" target=\"_blank\" rel=\"noopener\">\u203a Lei n \u00ba 8.987, de 13 de fevereiro de 1995<\/a><\/p><\/div>\n\t\t\t\t\t<\/div><\/div>\t\t\t\t<\/div>\n\t\t\t\t<\/div>\n\t\t\t\t\t<\/div>\n\t\t<\/div>\n\t\t\t\t\t<\/div>\n\t\t<\/section>\n\t\t\t\t\t<\/div>\n\t\t<\/div>\n\t\t\t\t\t<\/div>\n\t\t<\/section>\n\t\t\t\t<\/div>\n\t\t","protected":false},"excerpt":{"rendered":"<p>Informa\u00e7\u00f5es GeraIs O Programa de PPP da Bahia est\u00e1 pautado no arcabou\u00e7o jur\u00eddico formado por leis, decretos e portarias que [&hellip;]<\/p>\n","protected":false},"author":4,"featured_media":0,"parent":0,"menu_order":0,"comment_status":"closed","ping_status":"closed","template":"","meta":{"site-sidebar-layout":"no-sidebar","site-content-layout":null,"ast-site-content-layout":"full-width-container","site-content-style":"default","site-sidebar-style":"default","ast-global-header-display":"","ast-banner-title-visibility":"","ast-main-header-display":"","ast-hfb-above-header-display":null,"ast-hfb-below-header-display":"","ast-hfb-mobile-header-display":"","site-post-title":"disabled","ast-breadcrumbs-content":null,"ast-featured-img":"disabled","footer-sml-layout":"","ast-disable-related-posts":"","theme-transparent-header-meta":"","adv-header-id-meta":"","stick-header-meta":"","header-above-stick-meta":null,"header-main-stick-meta":"","header-below-stick-meta":"","astra-migrate-meta-layouts":"default","ast-page-background-enabled":"default","ast-page-background-meta":{"desktop":{"background-color":"var(--ast-global-color-4)","background-image":"","background-repeat":"repeat","background-position":"center center","background-size":"auto","background-attachment":"scroll","background-type":"","background-media":"","overlay-type":"","overlay-color":"","overlay-opacity":"","overlay-gradient":""},"tablet":{"background-color":"","background-image":"","background-repeat":"repeat","background-position":"center center","background-size":"auto","background-attachment":"scroll","background-type":"","background-media":"","overlay-type":"","overlay-color":"","overlay-opacity":"","overlay-gradient":""},"mobile":{"background-color":"","background-image":"","background-repeat":"repeat","background-position":"center center","background-size":"auto","background-attachment":"scroll","background-type":"","background-media":"","overlay-type":"","overlay-color":"","overlay-opacity":"","overlay-gradient":""}},"ast-content-background-meta":{"desktop":{"background-color":"var(--ast-global-color-5)","background-image":"","background-repeat":"repeat","background-position":"center center","background-size":"auto","background-attachment":"scroll","background-type":"","background-media":"","overlay-type":"","overlay-color":"","overlay-opacity":"","overlay-gradient":""},"tablet":{"background-color":"var(--ast-global-color-5)","background-image":"","background-repeat":"repeat","background-position":"center center","background-size":"auto","background-attachment":"scroll","background-type":"","background-media":"","overlay-type":"","overlay-color":"","overlay-opacity":"","overlay-gradient":""},"mobile":{"background-color":"var(--ast-global-color-5)","background-image":"","background-repeat":"repeat","background-position":"center center","background-size":"auto","background-attachment":"scroll","background-type":"","background-media":"","overlay-type":"","overlay-color":"","overlay-opacity":"","overlay-gradient":""}},"footnotes":"","_links_to":"","_links_to_target":""},"class_list":["post-6773","page","type-page","status-publish","hentry"],"aioseo_notices":[],"_links":{"self":[{"href":"https:\/\/www.sefaz.ba.gov.br\/ppp\/wp-json\/wp\/v2\/pages\/6773","targetHints":{"allow":["GET"]}}],"collection":[{"href":"https:\/\/www.sefaz.ba.gov.br\/ppp\/wp-json\/wp\/v2\/pages"}],"about":[{"href":"https:\/\/www.sefaz.ba.gov.br\/ppp\/wp-json\/wp\/v2\/types\/page"}],"author":[{"embeddable":true,"href":"https:\/\/www.sefaz.ba.gov.br\/ppp\/wp-json\/wp\/v2\/users\/4"}],"replies":[{"embeddable":true,"href":"https:\/\/www.sefaz.ba.gov.br\/ppp\/wp-json\/wp\/v2\/comments?post=6773"}],"version-history":[{"count":0,"href":"https:\/\/www.sefaz.ba.gov.br\/ppp\/wp-json\/wp\/v2\/pages\/6773\/revisions"}],"wp:attachment":[{"href":"https:\/\/www.sefaz.ba.gov.br\/ppp\/wp-json\/wp\/v2\/media?parent=6773"}],"curies":[{"name":"wp","href":"https:\/\/api.w.org\/{rel}","templated":true}]}}